{"id":1192,"date":"2018-06-28T12:02:16","date_gmt":"2018-06-28T10:02:16","guid":{"rendered":"http:\/\/datarocks1.zenserver.re\/declikeco\/?page_id=1192"},"modified":"2025-08-04T09:43:25","modified_gmt":"2025-08-04T05:43:25","slug":"e-services","status":"publish","type":"page","link":"https:\/\/www.declikeco.re\/index.php\/e-services\/","title":{"rendered":"E-services"},"content":{"rendered":"<div id=\"pl-1192\"  class=\"panel-layout\" ><div id=\"pg-1192-0\"  class=\"panel-grid panel-no-style\" ><div id=\"pgc-1192-0-0\"  class=\"panel-grid-cell\" ><div id=\"panel-1192-0-0-0\" class=\"so-panel widget widget_text panel-first-child panel-last-child\" data-index=\"0\" ><h3 class=\"widget-title\">Acc\u00e8dez aux e-services du r\u00e9seau des CCI<\/h3>\t\t\t<div class=\"textwidget\"><\/div>\n\t\t<\/div><\/div><\/div><div id=\"pg-1192-1\"  class=\"panel-grid panel-no-style\" ><div id=\"pgc-1192-1-0\"  class=\"panel-grid-cell\" ><div id=\"panel-1192-1-0-0\" class=\"so-panel widget widget_sow-image panel-first-child\" data-index=\"1\" ><div\n\t\t\t\n\t\t\tclass=\"so-widget-sow-image so-widget-sow-image-default-8b5b6f678277-1192\"\n\t\t\t\n\t\t>\n<div class=\"sow-image-container\">\n\t\t\t<a href=\"https:\/\/business-builder.cci.fr\/\"\n\t\t\ttarget=\"_blank\" rel=\"noopener noreferrer\" \t\t>\n\t\t\t<img \n\tsrc=\"https:\/\/www.declikeco.re\/wp-content\/uploads\/2018\/11\/Business-Builder.png\" width=\"150\" height=\"62\" srcset=\"https:\/\/www.declikeco.re\/wp-content\/uploads\/2018\/11\/Business-Builder.png 677w, https:\/\/www.declikeco.re\/wp-content\/uploads\/2018\/11\/Business-Builder-300x125.png 300w, https:\/\/www.declikeco.re\/wp-content\/uploads\/2018\/11\/Business-Builder-520x216.png 520w\" sizes=\"(max-width: 150px) 100vw, 150px\" title=\"Avec CCI Business Builder, cliquez et construisez votre projet d\u2019entreprise, \u00e0 votre rythme\" alt=\"\" \t\tclass=\"so-widget-image\"\/>\n\t\t\t<\/a><\/div>\n\n<\/div><\/div><div id=\"panel-1192-1-0-1\" class=\"so-panel widget widget_text panel-last-child\" data-index=\"2\" >\t\t\t<div class=\"textwidget\"><p>Avec CCI Business Builder, cliquez et construisez votre projet d\u2019entreprise, \u00e0 votre rythme<\/p>\n<\/div>\n\t\t<\/div><\/div><div id=\"pgc-1192-1-1\"  class=\"panel-grid-cell\" ><div id=\"panel-1192-1-1-0\" class=\"so-panel widget widget_sow-image panel-first-child\" data-index=\"3\" ><div class=\"panel-widget-style panel-widget-style-for-1192-1-1-0\" ><div\n\t\t\t\n\t\t\tclass=\"so-widget-sow-image so-widget-sow-image-default-8b5b6f678277-1192\"\n\t\t\t\n\t\t>\n<div class=\"sow-image-container\">\n\t\t\t<a href=\"https:\/\/les-aides.fr\/\"\n\t\t\ttarget=\"_blank\" rel=\"noopener noreferrer\" \t\t>\n\t\t\t<img \n\tsrc=\"https:\/\/www.declikeco.re\/wp-content\/uploads\/2018\/11\/logo_les-aides_fb.png\" width=\"150\" height=\"40\" srcset=\"https:\/\/www.declikeco.re\/wp-content\/uploads\/2018\/11\/logo_les-aides_fb.png 340w, https:\/\/www.declikeco.re\/wp-content\/uploads\/2018\/11\/logo_les-aides_fb-300x79.png 300w\" sizes=\"(max-width: 150px) 100vw, 150px\" title=\"Le site d&#039;informations des CCI sur les aides aux entreprises\" alt=\"\" \t\tclass=\"so-widget-image\"\/>\n\t\t\t<\/a><\/div>\n\n<\/div><\/div><\/div><div id=\"panel-1192-1-1-1\" class=\"so-panel widget widget_text panel-last-child\" data-index=\"4\" >\t\t\t<div class=\"textwidget\"><p>&nbsp;<\/p>\n<p>Le site d&rsquo;informations des CCI sur les aides aux entreprises<\/p>\n<\/div>\n\t\t<\/div><\/div><div id=\"pgc-1192-1-2\"  class=\"panel-grid-cell\" ><div id=\"panel-1192-1-2-0\" class=\"so-panel widget widget_sow-image panel-first-child\" data-index=\"5\" ><div\n\t\t\t\n\t\t\tclass=\"so-widget-sow-image so-widget-sow-image-default-8b5b6f678277-1192\"\n\t\t\t\n\t\t>\n<div class=\"sow-image-container\">\n\t\t\t<a href=\"https:\/\/www.datashop.reunion.cci.fr\"\n\t\t\ttarget=\"_blank\" rel=\"noopener noreferrer\" \t\t>\n\t\t\t<img \n\tsrc=\"https:\/\/www.declikeco.re\/wp-content\/uploads\/2018\/11\/Datashop.png\" width=\"150\" height=\"38\" srcset=\"https:\/\/www.declikeco.re\/wp-content\/uploads\/2018\/11\/Datashop.png 901w, https:\/\/www.declikeco.re\/wp-content\/uploads\/2018\/11\/Datashop-300x76.png 300w, https:\/\/www.declikeco.re\/wp-content\/uploads\/2018\/11\/Datashop-768x195.png 768w, https:\/\/www.declikeco.re\/wp-content\/uploads\/2018\/11\/Datashop-520x132.png 520w, https:\/\/www.declikeco.re\/wp-content\/uploads\/2018\/11\/Datashop-740x188.png 740w\" sizes=\"(max-width: 150px) 100vw, 150px\" title=\"Pr\u00e9sentation des produits de l&#039;Observatoire \u00e9conomique de la CCI R\u00e9union et vente en ligne de donn\u00e9es\" alt=\"\" \t\tclass=\"so-widget-image\"\/>\n\t\t\t<\/a><\/div>\n\n<\/div><\/div><div id=\"panel-1192-1-2-1\" class=\"so-panel widget widget_text panel-last-child\" data-index=\"6\" >\t\t\t<div class=\"textwidget\"><p>Pr\u00e9sentation des produits de l&rsquo;Observatoire \u00e9conomique de la CCI R\u00e9union et vente en ligne de donn\u00e9es<\/p>\n<\/div>\n\t\t<\/div><\/div><div id=\"pgc-1192-1-3\"  class=\"panel-grid-cell\" ><div id=\"panel-1192-1-3-0\" class=\"so-panel widget widget_sow-image panel-first-child\" data-index=\"7\" ><div\n\t\t\t\n\t\t\tclass=\"so-widget-sow-image so-widget-sow-image-default-8b5b6f678277-1192\"\n\t\t\t\n\t\t>\n<div class=\"sow-image-container\">\n\t\t\t<a href=\"https:\/\/www.cciwebstore.fr\/\"\n\t\t\ttarget=\"_blank\" rel=\"noopener noreferrer\" \t\t>\n\t\t\t<img \n\tsrc=\"https:\/\/www.declikeco.re\/wp-content\/uploads\/2018\/11\/CCI-Store.png\" width=\"150\" height=\"43\" srcset=\"https:\/\/www.declikeco.re\/wp-content\/uploads\/2018\/11\/CCI-Store.png 784w, https:\/\/www.declikeco.re\/wp-content\/uploads\/2018\/11\/CCI-Store-300x86.png 300w, https:\/\/www.declikeco.re\/wp-content\/uploads\/2018\/11\/CCI-Store-768x221.png 768w, https:\/\/www.declikeco.re\/wp-content\/uploads\/2018\/11\/CCI-Store-520x150.png 520w, https:\/\/www.declikeco.re\/wp-content\/uploads\/2018\/11\/CCI-Store-740x213.png 740w\" sizes=\"(max-width: 150px) 100vw, 150px\" title=\"La premi\u00e8re marketplace de eservices con\u00e7ue par des entrepreneurs, pour des entrepreneurs !\" alt=\"\" \t\tclass=\"so-widget-image\"\/>\n\t\t\t<\/a><\/div>\n\n<\/div><\/div><div id=\"panel-1192-1-3-1\" class=\"so-panel widget widget_text panel-last-child\" data-index=\"8\" >\t\t\t<div class=\"textwidget\"><p>La premi\u00e8re marketplace de eservices con\u00e7ue par des entrepreneurs, pour des entrepreneurs !<\/p>\n<\/div>\n\t\t<\/div><\/div><\/div><\/div>","protected":false},"excerpt":{"rendered":"<p>Avec CCI Business Builder, cliquez et construisez votre projet d\u2019entreprise, \u00e0 votre rythme &nbsp; Le site d&rsquo;informations des CCI sur les aides aux entreprises Pr\u00e9sentation des produits de l&rsquo;Observatoire \u00e9conomique de la CCI R\u00e9union et\u2026<\/p>\n","protected":false},"author":6,"featured_media":0,"parent":0,"menu_order":0,"comment_status":"closed","ping_status":"closed","template":"","meta":{"pmpro_default_level":0,"_monsterinsights_skip_tracking":false,"_monsterinsights_sitenote_active":false,"_monsterinsights_sitenote_note":"","_monsterinsights_sitenote_category":0,"footnotes":""},"class_list":["post-1192","page","type-page","status-publish","hentry","pmpro-has-access"],"_links":{"self":[{"href":"https:\/\/www.declikeco.re\/index.php\/wp-json\/wp\/v2\/pages\/1192","targetHints":{"allow":["GET"]}}],"collection":[{"href":"https:\/\/www.declikeco.re\/index.php\/wp-json\/wp\/v2\/pages"}],"about":[{"href":"https:\/\/www.declikeco.re\/index.php\/wp-json\/wp\/v2\/types\/page"}],"author":[{"embeddable":true,"href":"https:\/\/www.declikeco.re\/index.php\/wp-json\/wp\/v2\/users\/6"}],"replies":[{"embeddable":true,"href":"https:\/\/www.declikeco.re\/index.php\/wp-json\/wp\/v2\/comments?post=1192"}],"version-history":[{"count":42,"href":"https:\/\/www.declikeco.re\/index.php\/wp-json\/wp\/v2\/pages\/1192\/revisions"}],"predecessor-version":[{"id":7349,"href":"https:\/\/www.declikeco.re\/index.php\/wp-json\/wp\/v2\/pages\/1192\/revisions\/7349"}],"wp:attachment":[{"href":"https:\/\/www.declikeco.re\/index.php\/wp-json\/wp\/v2\/media?parent=1192"}],"curies":[{"name":"wp","href":"https:\/\/api.w.org\/{rel}","templated":true}]}}