{"id":366,"date":"2018-02-13T12:49:37","date_gmt":"2018-02-13T11:49:37","guid":{"rendered":"http:\/\/datarocks1.zenserver.re\/declikeco\/?page_id=366"},"modified":"2026-02-10T14:39:20","modified_gmt":"2026-02-10T10:39:20","slug":"contact","status":"publish","type":"page","link":"https:\/\/www.declikeco.re\/index.php\/contact\/","title":{"rendered":"Formulaire de Contact"},"content":{"rendered":"<div id=\"pl-366\"  class=\"panel-layout\" ><div id=\"pg-366-0\"  class=\"panel-grid panel-no-style\" ><div id=\"pgc-366-0-0\"  class=\"panel-grid-cell\" ><div class=\"wrap panel-cell-style panel-cell-style-for-366-0-0\" ><div id=\"panel-366-0-0-0\" class=\"so-panel widget widget_text panel-first-child panel-last-child\" data-index=\"0\" >\t\t\t<div class=\"textwidget\"><h3 class=\"wp-block-heading\"><strong>Vous avez une question ou un besoin d\u2019information, ou une demande d&rsquo;\u00e9tude de march\u00e9 ?<\/strong><\/h3>\n<h4 class=\"wp-block-heading\">\n<em>Contactez-nous via ce formulaire et d\u00e9crivez votre demande en d\u00e9tail. Notre \u00e9quipe se tient \u00e0 votre disposition pour vous r\u00e9pondre.<\/em><\/h4>\n<p>Pour traiter votre demande, nous devons recueillir certaines informations personnelles. Vos donn\u00e9es seront utilis\u00e9es uniquement dans le cadre de votre requ\u00eate et conform\u00e9ment \u00e0 notre politique de confidentialit\u00e9.<br \/>\nPour en savoir plus, consultez notre <a href=\"https:\/\/www.declikeco.re\/wp-content\/uploads\/2026\/02\/politique-de-confidentialite-maj-06-02-2026.pdf\" style=\"color: #0066cc;\">politique de confidentialit\u00e9<\/a>.<\/p>\n<\/div>\n\t\t<\/div><\/div><\/div><\/div><div id=\"pg-366-1\"  class=\"panel-grid panel-no-style\" ><div id=\"pgc-366-1-0\"  class=\"panel-grid-cell\" ><div class=\"wrap panel-cell-style panel-cell-style-for-366-1-0\" ><div id=\"panel-366-1-0-0\" class=\"so-panel widget widget_text panel-first-child panel-last-child\" data-index=\"1\" >\t\t\t<div class=\"textwidget\"><div role=\"form\" class=\"wpcf7\" id=\"wpcf7-f7489-o1\" lang=\"fr-FR\" dir=\"ltr\">\n<div class=\"screen-reader-response\">\n<p role=\"status\" aria-live=\"polite\" aria-atomic=\"true\">\n<ul><\/ul>\n<\/div>\n<form action=\"\/index.php\/wp-json\/wp\/v2\/pages\/366#wpcf7-f7489-o1\" method=\"post\" class=\"wpcf7-form init\" novalidate=\"novalidate\" data-status=\"init\">\n<div style=\"display: none;\">\n<input type=\"hidden\" name=\"_wpcf7\" value=\"7489\" \/><br \/>\n<input type=\"hidden\" name=\"_wpcf7_version\" value=\"5.6.4\" \/><br \/>\n<input type=\"hidden\" name=\"_wpcf7_locale\" value=\"fr_FR\" \/><br \/>\n<input type=\"hidden\" name=\"_wpcf7_unit_tag\" value=\"wpcf7-f7489-o1\" \/><br \/>\n<input type=\"hidden\" name=\"_wpcf7_container_post\" value=\"0\" \/><br \/>\n<input type=\"hidden\" name=\"_wpcf7_posted_data_hash\" value=\"\" \/>\n<\/div>\n<p><label> Pr\u00e9nom*<br \/>\n    <span class=\"wpcf7-form-control-wrap\" data-name=\"prenom\"><input type=\"text\" name=\"prenom\" value=\"\" size=\"40\" class=\"wpcf7-form-control wpcf7-text wpcf7-validates-as-required\" aria-required=\"true\" aria-invalid=\"false\" \/><\/span> <\/label><\/p>\n<p><label> Nom*<br \/>\n    <span class=\"wpcf7-form-control-wrap\" data-name=\"nom\"><input type=\"text\" name=\"nom\" value=\"\" size=\"40\" class=\"wpcf7-form-control wpcf7-text wpcf7-validates-as-required\" aria-required=\"true\" aria-invalid=\"false\" \/><\/span> <\/label><\/p>\n<p><label> E-mail*<br \/>\n    <span class=\"wpcf7-form-control-wrap\" data-name=\"your-email\"><input type=\"email\" name=\"your-email\" value=\"\" size=\"40\" class=\"wpcf7-form-control wpcf7-text wpcf7-email wpcf7-validates-as-required wpcf7-validates-as-email\" aria-required=\"true\" aria-invalid=\"false\" \/><\/span> <\/label><\/p>\n<p><label> T\u00e9l\u00e9phone*<br \/>\n    <span class=\"wpcf7-form-control-wrap\" data-name=\"phone\"><input type=\"tel\" name=\"phone\" value=\"\" size=\"40\" class=\"wpcf7-form-control wpcf7-text wpcf7-tel wpcf7-validates-as-required wpcf7-validates-as-tel\" aria-required=\"true\" aria-invalid=\"false\" \/><\/span> <\/label><\/p>\n<p><label> Objet de votre demande*<br \/>\n    <span class=\"wpcf7-form-control-wrap\" data-name=\"your-subject\"><input type=\"text\" name=\"your-subject\" value=\"\" size=\"40\" class=\"wpcf7-form-control wpcf7-text wpcf7-validates-as-required\" aria-required=\"true\" aria-invalid=\"false\" \/><\/span> <\/label><\/p>\n<p><label> D\u00e9crivez votre demande*<br \/>\n    <span class=\"wpcf7-form-control-wrap\" data-name=\"your-message\"><textarea name=\"your-message\" cols=\"40\" rows=\"10\" class=\"wpcf7-form-control wpcf7-textarea wpcf7-validates-as-required\" aria-required=\"true\" aria-invalid=\"false\"><\/textarea><\/span> <\/label><\/p>\n<p><i style=\"color: red;\">*donn\u00e9es obligatoires pour traiter votre demande<\/i><\/p>\n<p><span class=\"wpcf7-form-control-wrap\" data-name=\"term_and_conditions\"><span class=\"wpcf7-form-control wpcf7-acceptance\"><span class=\"wpcf7-list-item\"><label><input type=\"checkbox\" name=\"term_and_conditions\" value=\"1\" aria-invalid=\"false\" class=\"required\" \/><span class=\"wpcf7-list-item-label\">Je consens au traitement de mes donn\u00e9es personnelles pour les finalit\u00e9s et selon les modalit\u00e9s d\u00e9crites dans la politique de confidentialit\u00e9.<\/span><\/label><\/span><\/span><\/span><\/p>\n<p><input type=\"submit\" value=\"Envoyer\" class=\"wpcf7-form-control has-spinner wpcf7-submit\" \/><\/p>\n<div class=\"wpcf7-response-output\" aria-hidden=\"true\"><\/div>\n<\/form>\n<\/div>\n<p>&nbsp;<\/p>\n<p>&nbsp;<\/p>\n<\/div>\n\t\t<\/div><\/div><\/div><\/div><\/div>","protected":false},"excerpt":{"rendered":"<p>Vous avez une question ou un besoin d\u2019information, ou une demande d&rsquo;\u00e9tude de march\u00e9 ? Contactez-nous via ce formulaire et d\u00e9crivez votre demande en d\u00e9tail. Notre \u00e9quipe se tient \u00e0 votre disposition pour vous r\u00e9pondre.\u2026<\/p>\n","protected":false},"author":1,"featured_media":0,"parent":0,"menu_order":0,"comment_status":"closed","ping_status":"closed","template":"","meta":{"pmpro_default_level":0,"_monsterinsights_skip_tracking":false,"_monsterinsights_sitenote_active":false,"_monsterinsights_sitenote_note":"","_monsterinsights_sitenote_category":0,"footnotes":""},"class_list":["post-366","page","type-page","status-publish","hentry","pmpro-has-access"],"_links":{"self":[{"href":"https:\/\/www.declikeco.re\/index.php\/wp-json\/wp\/v2\/pages\/366","targetHints":{"allow":["GET"]}}],"collection":[{"href":"https:\/\/www.declikeco.re\/index.php\/wp-json\/wp\/v2\/pages"}],"about":[{"href":"https:\/\/www.declikeco.re\/index.php\/wp-json\/wp\/v2\/types\/page"}],"author":[{"embeddable":true,"href":"https:\/\/www.declikeco.re\/index.php\/wp-json\/wp\/v2\/users\/1"}],"replies":[{"embeddable":true,"href":"https:\/\/www.declikeco.re\/index.php\/wp-json\/wp\/v2\/comments?post=366"}],"version-history":[{"count":17,"href":"https:\/\/www.declikeco.re\/index.php\/wp-json\/wp\/v2\/pages\/366\/revisions"}],"predecessor-version":[{"id":7014,"href":"https:\/\/www.declikeco.re\/index.php\/wp-json\/wp\/v2\/pages\/366\/revisions\/7014"}],"wp:attachment":[{"href":"https:\/\/www.declikeco.re\/index.php\/wp-json\/wp\/v2\/media?parent=366"}],"curies":[{"name":"wp","href":"https:\/\/api.w.org\/{rel}","templated":true}]}}