{"id":424,"date":"2018-02-23T07:33:50","date_gmt":"2018-02-23T06:33:50","guid":{"rendered":"http:\/\/datarocks1.zenserver.re\/declikeco\/?page_id=424"},"modified":"2026-02-10T10:36:55","modified_gmt":"2026-02-10T06:36:55","slug":"mentions-legales-wv","status":"publish","type":"page","link":"https:\/\/www.declikeco.re\/index.php\/mentions-legales-wv\/","title":{"rendered":"Mentions l\u00e9gales et utilisation du site"},"content":{"rendered":"\n<div class=\"wp-block-group\"><div class=\"wp-block-group__inner-container is-layout-constrained wp-block-group-is-layout-constrained\">\n<h1 class=\"wp-block-heading\"><strong>1. Identification de l\u2019\u00e9diteur du site<\/strong><\/h1>\n\n\n\n<p>Chambre de Commerce et d\u2019Industrie de La R\u00e9union (CCI R\u00e9union)<\/p>\n\n\n\n<p>5 B rue de Paris \u2013 CS 31023 \u2013 97404 SAINT-DENIS cedex<\/p>\n\n\n\n<p>SIRET&nbsp;: 189 742 117 00014<\/p>\n\n\n\n<p>&nbsp;T\u00e9l\u00e9phone&nbsp;: 02 62 94 20 00<\/p>\n\n\n\n<p>Courriel&nbsp;: <a href=\"mailto:sg.dir@reunion.cci.fr\">sg.dir@reunion.cci.fr<\/a><\/p>\n\n\n\n<p><strong>Directeur de publication :&nbsp;<\/strong>Pierrick ROBERT, Pr\u00e9sident de la&nbsp;CCI R\u00e9union<\/p>\n\n\n\n<p><strong>Responsable de la r\u00e9daction :&nbsp;<\/strong>Chambre de Commerce et d\u2019Industrie de La R\u00e9union (CCI R\u00e9union)<\/p>\n<\/div><\/div>\n\n\n\n<div class=\"wp-block-group\"><div class=\"wp-block-group__inner-container is-layout-constrained wp-block-group-is-layout-constrained\">\n<h2 class=\"wp-block-heading\"><strong>2. H\u00e9bergeur du site<\/strong><\/h2>\n\n\n\n<p>L\u2019h\u00e9bergement est assur\u00e9 par la SAS R\u00e9seau Logiciel Communication (RLCOM), soci\u00e9t\u00e9 par action simplifi\u00e9e, au capital de 15000 \u20ac, dont le si\u00e8ge social est sis au <strong>57 chemin de la savanne, Bellem\u00e8ne, 97460 SAINT-PAUL, <\/strong>SIRET 79073091500010 \u2013 code APE 6202A<\/p>\n\n\n\n<p>GSM&nbsp;: 0262 77 51 53 \u2013 Email :&nbsp;<a href=\"mailto:rlcom@rlcom.re\">rlcom@rlcom.re<\/a><\/p>\n<\/div><\/div>\n\n\n\n<div class=\"wp-block-group\"><div class=\"wp-block-group__inner-container is-layout-constrained wp-block-group-is-layout-constrained\">\n<h2 class=\"wp-block-heading\"><strong>3. Conditions d\u2019acc\u00e8s au site <\/strong><a href=\"http:\/\/www.declikeco.re\"><strong>declikeco.re<\/strong><\/a><\/h2>\n\n\n\n<p>Ce site est accessible \u00e0 l\u2019adresse URL suivante :&nbsp;<a href=\"http:\/\/declikeco.re\">http:\/\/declikeco.re<\/a><\/p>\n\n\n\n<p>Les informations figurant sur ce site, ainsi que les liens vers d\u2019autres sites, sont fournies \u00e0 titre indicatif et sans aucune garantie, expresse ou implicite, notamment en raison de leurs \u00e9volutions constantes. Elles peuvent \u00eatre modifi\u00e9es \u00e0 tout moment et sans pr\u00e9avis.<\/p>\n\n\n\n<p>La pr\u00e9sence de liens hypertextes vers des sites tiers n\u2019engage en aucun cas la responsabilit\u00e9 de la CCI de La R\u00e9union quant au contenu de ce site.<\/p>\n\n\n\n<p>La CCI ne saurait \u00eatre tenue responsable de tout dommage, direct ou indirect, r\u00e9sultant de l\u2019utilisation de son site.<\/p>\n<\/div><\/div>\n\n\n\n<div class=\"wp-block-group\"><div class=\"wp-block-group__inner-container is-layout-constrained wp-block-group-is-layout-constrained\">\n<h2 class=\"wp-block-heading\"><strong>4. Cr\u00e9er un lien vers <\/strong><a href=\"http:\/\/www.declikeco.re\"><strong>declikeco.re<\/strong><\/a><\/h2>\n\n\n\n<p>Le site declikeco.re autorise la cr\u00e9ation de liens hypertextes vers son contenu, sous r\u00e9serve des conditions suivantes :<\/p>\n\n\n\n<ul class=\"wp-block-list\">\n<li>Le lien doit s\u2019ouvrir dans une nouvelle fen\u00eatre ou un nouvel onglet ;<\/li>\n\n\n\n<li>La balise <em>title<\/em> du lien doit mentionner <a href=\"http:\/\/www.declikeco.re\">declikeco.re<\/a>.<\/li>\n<\/ul>\n\n\n\n<p>Les informations accessibles via ces liens ne peuvent \u00eatre utilis\u00e9es qu\u2019\u00e0 des fins personnelles, associatives ou professionnelles. Toute utilisation \u00e0 des fins commerciales ou publicitaires est strictement interdite.<\/p>\n\n\n\n<p>Cette autorisation n\u2019inclut en aucun cas l\u2019utilisation du logo declikeco.re.<\/p>\n<\/div><\/div>\n\n\n\n<div class=\"wp-block-group\"><div class=\"wp-block-group__inner-container is-layout-constrained wp-block-group-is-layout-constrained\">\n<div class=\"wp-block-group\"><div class=\"wp-block-group__inner-container is-layout-constrained wp-block-group-is-layout-constrained\">\n<h2 class=\"wp-block-heading\"><strong>5. La reproduction sur support \u00e9lectronique<\/strong><\/h2>\n\n\n\n<p>La reproduction, totale ou partielle, du contenu de ce site sur un support \u00e9lectronique est autoris\u00e9e sous r\u00e9serve d\u2019indiquer de mani\u00e8re claire et lisible la source ainsi que la mention suivante :<br>\u00ab \u00a9 declikeco.re \u2013 droits r\u00e9serv\u00e9s \u00bb.<\/p>\n\n\n\n<p>Les informations reproduites ne peuvent \u00eatre utilis\u00e9es qu\u2019\u00e0 des fins personnelles, associatives ou professionnelles. Toute utilisation \u00e0 des fins commerciales ou publicitaires est strictement interdite.<\/p>\n\n\n\n<p>Cette autorisation ne s\u2019applique pas aux sites diffusant des contenus \u00e0 caract\u00e8re pol\u00e9mique, pornographique, x\u00e9nophobe ou, plus largement, susceptibles de porter atteinte \u00e0 la sensibilit\u00e9 du public.<\/p>\n<\/div><\/div>\n<\/div><\/div>\n\n\n\n<h2 class=\"wp-block-heading\"><strong>6. La reproduction sur support papier<\/strong><\/h2>\n\n\n\n<p>Les droits de reproduction sont r\u00e9serv\u00e9s et strictement limit\u00e9s.<\/p>\n\n\n\n<p>\u00c0 l\u2019exception du logo et des \u00e9l\u00e9ments iconographiques, la reproduction des pages de ce site sur support papier est autoris\u00e9e sous r\u00e9serve du respect des conditions suivantes :<\/p>\n\n\n\n<ul class=\"wp-block-list\">\n<li>La diffusion doit \u00eatre gratuite ;<\/li>\n\n\n\n<li>L\u2019int\u00e9grit\u00e9 des documents reproduits doit \u00eatre pr\u00e9serv\u00e9e (aucune modification ou alt\u00e9ration) ;<\/li>\n\n\n\n<li>La source doit \u00eatre cit\u00e9e explicitement avec la mention : \u00ab \u00a9 declikeco.re \u2013 droits r\u00e9serv\u00e9s \u00bb et l\u2019adresse du site http:\/\/www.declikeco.re.<\/li>\n<\/ul>\n\n\n\n<p>Les droits de reproduction sont r\u00e9serv\u00e9s et strictement limit\u00e9s.<\/p>\n\n\n\n<p>Pour toute autre utilisation&nbsp;: <a href=\"https:\/\/www.declikeco.re\/index.php\/contact\/\">Nous contacter<\/a>.<\/p>\n\n\n\n<h2 class=\"wp-block-heading\"><strong>7. Propri\u00e9t\u00e9 intellectuelle<\/strong><\/h2>\n\n\n\n<p>Le site de la CCI R\u00e9union et l\u2019ensemble de ses contenus sont prot\u00e9g\u00e9s par la l\u00e9gislation fran\u00e7aise en mati\u00e8re de propri\u00e9t\u00e9 intellectuelle, incluant notamment le droit d\u2019auteur et le droit des marques.<\/p>\n\n\n\n<p>L\u2019ensemble des \u00e9l\u00e9ments du site, les marques, logos, dessins, graphismes, chartes graphiques, ic\u00f4nes, textes, applications, scripts, fonctionnalit\u00e9, ainsi que leur s\u00e9lection ou combinaison apparaissant \u00e0 la page d\u2019accueil ou sur les sous-domaines associ\u00e9s et les autres domaines du site internet, sont la propri\u00e9t\u00e9 exclusive de la CCI R\u00e9union. L\u2019acc\u00e8s au site n\u2019entra\u00eene aucune cession des droits susvis\u00e9s.<\/p>\n\n\n\n<p>Tous les droits de reproduction sont r\u00e9serv\u00e9s, y compris pour les documents t\u00e9l\u00e9chargeables et les repr\u00e9sentations iconographiques et photographiques.<\/p>\n\n\n\n<p>Les droits d\u2019utilisation du site ne sont conc\u00e9d\u00e9s que sous forme num\u00e9rique aux fins de visualisation des pages consult\u00e9es, \u00e0 titre personnel, non cessible et non exclusif. L\u2019utilisateur s\u2019interdit de copier, reproduire, modifier, distribuer, afficher ou vendre, par quelque proc\u00e9d\u00e9 ou forme que ce soit, en tout ou partie, tout \u00e9l\u00e9ment du site ou se rapportant \u00e0 celui-ci, par quelque proc\u00e9d\u00e9 que ce soit, et pour toute autre finalit\u00e9 y compris \u00e0 titre commercial, sans l\u2019autorisation pr\u00e9alable et \u00e9crite de la CCI R\u00e9union.<\/p>\n\n\n\n<p>En cas d\u2019utilisation ill\u00e9gale ou non autoris\u00e9e du site, la CCI R\u00e9union se r\u00e9serve le droit prendre toute mesure ad\u00e9quate qu\u2019elle estime n\u00e9cessaire et, le cas \u00e9ch\u00e9ant, d\u2019intenter toute action en justice appropri\u00e9e, et\/ou signaler l\u2019infraction aux autorit\u00e9s judiciaires et de police.<\/p>\n\n\n\n<h2 class=\"wp-block-heading\"><strong>8. Donn\u00e9es personnelles<\/strong><\/h2>\n\n\n\n<p>Le site peut recueillir des donn\u00e9es \u00e0 caract\u00e8re personnel (ex : via un formulaire de contact). Conform\u00e9ment au RGPD et \u00e0 la loi Informatique et Libert\u00e9s, vous disposez d\u2019un droit d\u2019acc\u00e8s, de rectification, d\u2019effacement, de limitation, d\u2019opposition et de portabilit\u00e9 sur vos donn\u00e9es. Pour exercer ces droits, contactez <a href=\"mailto:dpo@reunion.cci.fr\">dpo@reunion.cci.fr<\/a> .<\/p>\n\n\n\n<p>Politique compl\u00e8te de confidentialit\u00e9 consultable ici : <a href=\"https:\/\/www.declikeco.re\/wp-content\/uploads\/2026\/02\/politique-de-confidentialite-maj-06-02-2026.pdf\">politique de confidentialit\u00e9<\/a>.<\/p>\n\n\n\n<h2 class=\"wp-block-heading\"><strong>9. Responsabilit\u00e9<\/strong><\/h2>\n\n\n\n<p>L\u2019\u00e9diteur du site s\u2019efforce d\u2019assurer au mieux l\u2019exactitude et la mise \u00e0 jour des informations diffus\u00e9es, mais ne saurait \u00eatre tenu responsable des erreurs ou omissions, d\u2019une absence de disponibilit\u00e9 des informations ou de la pr\u00e9sence de liens hypertextes vers d\u2019autres sites.<\/p>\n\n\n\n<h2 class=\"wp-block-heading\"><strong>10. Loi applicable<\/strong><\/h2>\n\n\n\n<p>Le site est soumis au droit fran\u00e7ais.<\/p>\n\n\n\n<p><\/p>\n","protected":false},"excerpt":{"rendered":"<p>1. Identification de l\u2019\u00e9diteur du site Chambre de Commerce et d\u2019Industrie de La R\u00e9union (CCI R\u00e9union) 5 B rue de Paris \u2013 CS 31023 \u2013 97404 SAINT-DENIS cedex SIRET&nbsp;: 189 742 117 00014 &nbsp;T\u00e9l\u00e9phone&nbsp;: 02\u2026<\/p>\n","protected":false},"author":6,"featured_media":0,"parent":0,"menu_order":0,"comment_status":"closed","ping_status":"closed","template":"","meta":{"pmpro_default_level":0,"_monsterinsights_skip_tracking":false,"_monsterinsights_sitenote_active":false,"_monsterinsights_sitenote_note":"","_monsterinsights_sitenote_category":0,"footnotes":""},"class_list":["post-424","page","type-page","status-publish","hentry","pmpro-has-access"],"_links":{"self":[{"href":"https:\/\/www.declikeco.re\/index.php\/wp-json\/wp\/v2\/pages\/424","targetHints":{"allow":["GET"]}}],"collection":[{"href":"https:\/\/www.declikeco.re\/index.php\/wp-json\/wp\/v2\/pages"}],"about":[{"href":"https:\/\/www.declikeco.re\/index.php\/wp-json\/wp\/v2\/types\/page"}],"author":[{"embeddable":true,"href":"https:\/\/www.declikeco.re\/index.php\/wp-json\/wp\/v2\/users\/6"}],"replies":[{"embeddable":true,"href":"https:\/\/www.declikeco.re\/index.php\/wp-json\/wp\/v2\/comments?post=424"}],"version-history":[{"count":9,"href":"https:\/\/www.declikeco.re\/index.php\/wp-json\/wp\/v2\/pages\/424\/revisions"}],"predecessor-version":[{"id":7562,"href":"https:\/\/www.declikeco.re\/index.php\/wp-json\/wp\/v2\/pages\/424\/revisions\/7562"}],"wp:attachment":[{"href":"https:\/\/www.declikeco.re\/index.php\/wp-json\/wp\/v2\/media?parent=424"}],"curies":[{"name":"wp","href":"https:\/\/api.w.org\/{rel}","templated":true}]}}