{"id":5122,"date":"2021-10-05T13:55:55","date_gmt":"2021-10-05T09:55:55","guid":{"rendered":"https:\/\/www.declikeco.re\/?page_id=5122"},"modified":"2026-04-09T11:12:36","modified_gmt":"2026-04-09T07:12:36","slug":"portrait-de-territoire-2","status":"publish","type":"page","link":"https:\/\/www.declikeco.re\/index.php\/portrait-de-territoire-2\/","title":{"rendered":"Les portraits de territoire"},"content":{"rendered":"<div id=\"pl-5122\"  class=\"panel-layout\" ><div id=\"pg-5122-0\"  class=\"panel-grid panel-no-style\" ><div id=\"pgc-5122-0-0\"  class=\"panel-grid-cell\" ><div id=\"panel-5122-0-0-0\" class=\"so-panel widget widget_sow-editor panel-first-child panel-last-child\" data-index=\"0\" ><div\n\t\t\t\n\t\t\tclass=\"so-widget-sow-editor so-widget-sow-editor-base\"\n\t\t\t\n\t\t><h3 class=\"widget-title\"> <\/h3>\n<div class=\"siteorigin-widget-tinymce textwidget\">\n\t<p style=\"text-align: left;\"><strong>Depuis 2019, la CCI R\u00e9union publie annuellement les portraits de territoire. <\/strong><\/p>\n<p>Dans ce document, vous pourrez trouver, de mani\u00e8re synth\u00e9tique, les informations et les donn\u00e9es socio- \u00e9conomiques des 29 territoires de La R\u00e9union : les 24 communes, les 4 micro-r\u00e9gions et La R\u00e9union.<\/p>\n<p>Les th\u00e9matiques abord\u00e9es :<\/p>\n<ul>\n<li>Chiffres cl\u00e9s<\/li>\n<li>Population, population active \/ Emploi \/ Revenus<\/li>\n<li>L'activit\u00e9 \u00e9conomique - les \u00e9tablissements<\/li>\n<li>Zoom sur le secteur commerce, industrie, services<\/li>\n<li>D\u00e9penses commercialisables<\/li>\n<\/ul>\n<p>Nous vous invitons \u00e0 t\u00e9l\u00e9charger les\u00a0<strong>portraits de territoire<\/strong>\u00a0ci-dessous.<\/p>\n<\/div>\n<\/div><\/div><\/div><\/div><div id=\"pg-5122-1\"  class=\"panel-grid panel-no-style\" ><div id=\"pgc-5122-1-0\"  class=\"panel-grid-cell panel-grid-cell-empty\" ><\/div><div id=\"pgc-5122-1-1\"  class=\"panel-grid-cell panel-grid-cell-mobile-last\" ><div id=\"panel-5122-1-1-0\" class=\"so-panel widget widget_media_image panel-first-child panel-last-child\" data-index=\"1\" ><h3 class=\"widget-title\">Edition 2025<\/h3><a href=\"https:\/\/www.declikeco.re\/index.php\/2026\/04\/09\/nos-portraits-territoire-ed2025\/\" target=\"_blank\"><img loading=\"lazy\" decoding=\"async\" width=\"300\" height=\"131\" src=\"https:\/\/www.declikeco.re\/wp-content\/uploads\/2026\/04\/Banniere-PDT-2025-300x131.png\" class=\"image wp-image-7582  attachment-medium size-medium\" alt=\"\" style=\"max-width: 100%; height: auto;\" title=\"Edition 2022\" srcset=\"https:\/\/www.declikeco.re\/wp-content\/uploads\/2026\/04\/Banniere-PDT-2025-300x131.png 300w, https:\/\/www.declikeco.re\/wp-content\/uploads\/2026\/04\/Banniere-PDT-2025.png 433w\" sizes=\"auto, (max-width: 300px) 100vw, 300px\" \/><\/a><\/div><\/div><div id=\"pgc-5122-1-2\"  class=\"panel-grid-cell panel-grid-cell-empty\" ><\/div><\/div><div id=\"pg-5122-2\"  class=\"panel-grid panel-no-style\" ><div id=\"pgc-5122-2-0\"  class=\"panel-grid-cell panel-grid-cell-empty\" ><\/div><div id=\"pgc-5122-2-1\"  class=\"panel-grid-cell\" ><div id=\"panel-5122-2-1-0\" class=\"so-panel widget widget_media_image panel-first-child panel-last-child\" data-index=\"2\" ><h3 class=\"widget-title\">Edition 2024<\/h3><a href=\"https:\/\/www.declikeco.re\/index.php\/2025\/03\/21\/nos-portraits-territoire-ed2023_sem1-2\/\" target=\"_blank\"><img loading=\"lazy\" decoding=\"async\" width=\"300\" height=\"131\" src=\"https:\/\/www.declikeco.re\/wp-content\/uploads\/2025\/03\/Banniere-PDT-2024-300x131.png\" class=\"image wp-image-7109  attachment-medium size-medium\" alt=\"\" style=\"max-width: 100%; height: auto;\" title=\"Edition 2022\" srcset=\"https:\/\/www.declikeco.re\/wp-content\/uploads\/2025\/03\/Banniere-PDT-2024-300x131.png 300w, https:\/\/www.declikeco.re\/wp-content\/uploads\/2025\/03\/Banniere-PDT-2024-768x336.png 768w, https:\/\/www.declikeco.re\/wp-content\/uploads\/2025\/03\/Banniere-PDT-2024-520x227.png 520w, https:\/\/www.declikeco.re\/wp-content\/uploads\/2025\/03\/Banniere-PDT-2024-740x323.png 740w, https:\/\/www.declikeco.re\/wp-content\/uploads\/2025\/03\/Banniere-PDT-2024.png 842w\" sizes=\"auto, (max-width: 300px) 100vw, 300px\" \/><\/a><\/div><\/div><div id=\"pgc-5122-2-2\"  class=\"panel-grid-cell panel-grid-cell-mobile-last\" ><div id=\"panel-5122-2-2-0\" class=\"so-panel widget widget_media_image panel-first-child panel-last-child\" data-index=\"3\" ><h3 class=\"widget-title\">Edition 2023<\/h3><a href=\"https:\/\/www.declikeco.re\/?p=6919&#038;preview=true\" target=\"_blank\"><img loading=\"lazy\" decoding=\"async\" width=\"300\" height=\"131\" src=\"https:\/\/www.declikeco.re\/wp-content\/uploads\/2024\/05\/Banniere-PDT-2023-1-300x131.png\" class=\"image wp-image-6914  attachment-medium size-medium\" alt=\"\" style=\"max-width: 100%; height: auto;\" title=\"Edition 2022\" srcset=\"https:\/\/www.declikeco.re\/wp-content\/uploads\/2024\/05\/Banniere-PDT-2023-1-300x131.png 300w, https:\/\/www.declikeco.re\/wp-content\/uploads\/2024\/05\/Banniere-PDT-2023-1-768x336.png 768w, https:\/\/www.declikeco.re\/wp-content\/uploads\/2024\/05\/Banniere-PDT-2023-1-520x227.png 520w, https:\/\/www.declikeco.re\/wp-content\/uploads\/2024\/05\/Banniere-PDT-2023-1-740x323.png 740w, https:\/\/www.declikeco.re\/wp-content\/uploads\/2024\/05\/Banniere-PDT-2023-1.png 842w\" sizes=\"auto, (max-width: 300px) 100vw, 300px\" \/><\/a><\/div><\/div><div id=\"pgc-5122-2-3\"  class=\"panel-grid-cell panel-grid-cell-empty\" ><\/div><\/div><div id=\"pg-5122-3\"  class=\"panel-grid panel-no-style\" ><div id=\"pgc-5122-3-0\"  class=\"panel-grid-cell panel-grid-cell-empty\" ><\/div><div id=\"pgc-5122-3-1\"  class=\"panel-grid-cell\" ><div id=\"panel-5122-3-1-0\" class=\"so-panel widget widget_media_image panel-first-child panel-last-child\" data-index=\"4\" ><h3 class=\"widget-title\">Edition 2022 (2 parutions)<\/h3><a href=\"https:\/\/www.declikeco.re\/index.php\/2022\/08\/22\/nos-portraits-territoire-ed2022_sem1\/\" target=\"_blank\"><img loading=\"lazy\" decoding=\"async\" width=\"300\" height=\"133\" src=\"https:\/\/www.declikeco.re\/wp-content\/uploads\/2022\/08\/Banniere-PDT-2021-300x133-1.jpg\" class=\"image wp-image-6578  attachment-full size-full\" alt=\"\" style=\"max-width: 100%; height: auto;\" title=\"Edition 2022\" \/><\/a><\/div><\/div><div id=\"pgc-5122-3-2\"  class=\"panel-grid-cell panel-grid-cell-mobile-last\" ><div id=\"panel-5122-3-2-0\" class=\"so-panel widget widget_media_image panel-first-child panel-last-child\" data-index=\"5\" ><h3 class=\"widget-title\">Edition 2021<\/h3><a href=\"https:\/\/www.declikeco.re\/index.php\/2021\/10\/15\/nos-portraits-territoire-2-2\/\"><img loading=\"lazy\" decoding=\"async\" width=\"300\" height=\"133\" src=\"https:\/\/www.declikeco.re\/wp-content\/uploads\/2021\/10\/Banniere-PDT-2021-300x133.jpg\" class=\"image wp-image-5180  attachment-medium size-medium\" alt=\"\" style=\"max-width: 100%; height: auto;\" srcset=\"https:\/\/www.declikeco.re\/wp-content\/uploads\/2021\/10\/Banniere-PDT-2021-300x133.jpg 300w, https:\/\/www.declikeco.re\/wp-content\/uploads\/2021\/10\/Banniere-PDT-2021-520x231.jpg 520w, https:\/\/www.declikeco.re\/wp-content\/uploads\/2021\/10\/Banniere-PDT-2021.jpg 628w\" sizes=\"auto, (max-width: 300px) 100vw, 300px\" \/><\/a><\/div><\/div><div id=\"pgc-5122-3-3\"  class=\"panel-grid-cell panel-grid-cell-empty\" ><\/div><\/div><div id=\"pg-5122-4\"  class=\"panel-grid panel-no-style\" ><div id=\"pgc-5122-4-0\"  class=\"panel-grid-cell panel-grid-cell-empty\" ><\/div><div id=\"pgc-5122-4-1\"  class=\"panel-grid-cell\" ><div id=\"panel-5122-4-1-0\" class=\"so-panel widget widget_media_image panel-first-child panel-last-child\" data-index=\"6\" ><h3 class=\"widget-title\">Edition 2020<\/h3><a href=\"https:\/\/www.declikeco.re\/index.php\/2021\/10\/05\/nos-portraits-territoire-2\/\"><img loading=\"lazy\" decoding=\"async\" width=\"300\" height=\"136\" src=\"https:\/\/www.declikeco.re\/wp-content\/uploads\/2021\/10\/Banniere-PDT-2020-300x136.jpg\" class=\"image wp-image-5179  attachment-medium size-medium\" alt=\"\" style=\"max-width: 100%; height: auto;\" srcset=\"https:\/\/www.declikeco.re\/wp-content\/uploads\/2021\/10\/Banniere-PDT-2020-300x136.jpg 300w, https:\/\/www.declikeco.re\/wp-content\/uploads\/2021\/10\/Banniere-PDT-2020-520x236.jpg 520w, https:\/\/www.declikeco.re\/wp-content\/uploads\/2021\/10\/Banniere-PDT-2020.jpg 617w\" sizes=\"auto, (max-width: 300px) 100vw, 300px\" \/><\/a><\/div><\/div><div id=\"pgc-5122-4-2\"  class=\"panel-grid-cell panel-grid-cell-mobile-last\" ><div id=\"panel-5122-4-2-0\" class=\"so-panel widget widget_media_image panel-first-child panel-last-child\" data-index=\"7\" ><h3 class=\"widget-title\">Edition 2019<\/h3><a href=\"https:\/\/www.declikeco.re\/index.php\/2021\/10\/05\/nos-portraits-territoire-3\/\"><img loading=\"lazy\" decoding=\"async\" width=\"300\" height=\"135\" src=\"https:\/\/www.declikeco.re\/wp-content\/uploads\/2021\/10\/Banniere-PDT-2019-300x135.jpg\" class=\"image wp-image-5181  attachment-medium size-medium\" alt=\"\" style=\"max-width: 100%; height: auto;\" srcset=\"https:\/\/www.declikeco.re\/wp-content\/uploads\/2021\/10\/Banniere-PDT-2019-300x135.jpg 300w, https:\/\/www.declikeco.re\/wp-content\/uploads\/2021\/10\/Banniere-PDT-2019-520x235.jpg 520w, https:\/\/www.declikeco.re\/wp-content\/uploads\/2021\/10\/Banniere-PDT-2019.jpg 623w\" sizes=\"auto, (max-width: 300px) 100vw, 300px\" \/><\/a><\/div><\/div><div id=\"pgc-5122-4-3\"  class=\"panel-grid-cell panel-grid-cell-empty\" ><\/div><\/div><\/div>","protected":false},"excerpt":{"rendered":"<p>Depuis 2019, la CCI R\u00e9union publie annuellement les portraits de territoire. Dans ce document, vous pourrez trouver, de mani\u00e8re synth\u00e9tique, les informations et les donn\u00e9es socio- \u00e9conomiques des 29 territoires de La R\u00e9union : les\u2026<\/p>\n","protected":false},"author":9,"featured_media":0,"parent":0,"menu_order":0,"comment_status":"closed","ping_status":"closed","template":"","meta":{"pmpro_default_level":0,"_monsterinsights_skip_tracking":false,"_monsterinsights_sitenote_active":false,"_monsterinsights_sitenote_note":"","_monsterinsights_sitenote_category":0,"footnotes":""},"class_list":["post-5122","page","type-page","status-publish","hentry","pmpro-has-access"],"_links":{"self":[{"href":"https:\/\/www.declikeco.re\/index.php\/wp-json\/wp\/v2\/pages\/5122","targetHints":{"allow":["GET"]}}],"collection":[{"href":"https:\/\/www.declikeco.re\/index.php\/wp-json\/wp\/v2\/pages"}],"about":[{"href":"https:\/\/www.declikeco.re\/index.php\/wp-json\/wp\/v2\/types\/page"}],"author":[{"embeddable":true,"href":"https:\/\/www.declikeco.re\/index.php\/wp-json\/wp\/v2\/users\/9"}],"replies":[{"embeddable":true,"href":"https:\/\/www.declikeco.re\/index.php\/wp-json\/wp\/v2\/comments?post=5122"}],"version-history":[{"count":86,"href":"https:\/\/www.declikeco.re\/index.php\/wp-json\/wp\/v2\/pages\/5122\/revisions"}],"predecessor-version":[{"id":7616,"href":"https:\/\/www.declikeco.re\/index.php\/wp-json\/wp\/v2\/pages\/5122\/revisions\/7616"}],"wp:attachment":[{"href":"https:\/\/www.declikeco.re\/index.php\/wp-json\/wp\/v2\/media?parent=5122"}],"curies":[{"name":"wp","href":"https:\/\/api.w.org\/{rel}","templated":true}]}}