{"id":9,"date":"2017-12-18T09:14:19","date_gmt":"2017-12-18T05:14:19","guid":{"rendered":"http:\/\/localhost:8888\/declikeco\/?page_id=9"},"modified":"2025-07-31T10:33:12","modified_gmt":"2025-07-31T06:33:12","slug":"accueil","status":"publish","type":"page","link":"https:\/\/www.declikeco.re\/","title":{"rendered":"accueil"},"content":{"rendered":"<div id=\"pl-9\"  class=\"panel-layout\" ><div id=\"pg-9-0\"  class=\"panel-grid panel-no-style\" ><div id=\"pgc-9-0-0\"  class=\"panel-grid-cell\" ><div id=\"panel-9-0-0-0\" class=\"so-panel widget widget_sow-editor panel-first-child panel-last-child\" data-index=\"0\" ><div class=\"panel-widget-style panel-widget-style-for-9-0-0-0\" ><div\n\t\t\t\n\t\t\tclass=\"so-widget-sow-editor so-widget-sow-editor-base\"\n\t\t\t\n\t\t>\n<div class=\"siteorigin-widget-tinymce textwidget\">\n\t<h1 style=\"text-align: center;\"><strong><span style=\"color: #004379;\">D\u00e9couvrir les <span style=\"color: #e50043;\">chiffres-cl\u00e9s<\/span> de l'activit\u00e9 \u00e9conomique \u00e0 La R\u00e9union<\/span><\/strong><\/h1>\n<\/div>\n<\/div><\/div><\/div><\/div><\/div><div id=\"pg-9-1\"  class=\"panel-grid panel-no-style\" ><div id=\"pgc-9-1-0\"  class=\"panel-grid-cell\" ><div id=\"panel-9-1-0-0\" class=\"so-panel widget widget_sow-editor panel-first-child\" data-index=\"1\" ><div class=\"panel-widget-style panel-widget-style-for-9-1-0-0\" ><div\n\t\t\t\n\t\t\tclass=\"so-widget-sow-editor so-widget-sow-editor-base\"\n\t\t\t\n\t\t>\n<div class=\"siteorigin-widget-tinymce textwidget\">\n\t<h1 style=\"text-align: center;\"><a href=\"https:\/\/www.declikeco.re\/index.php\/accueil\/6019-2\/\"><strong><span style=\"color: #373cf5;\"><u id=\"Baseco_image\"> BASECO<\/u><\/span><\/strong><\/a><\/h1>\n<h4 style=\"text-align: center;\"><strong><span style=\"color: #373cf5;\">Tableaux de bord interactifs<\/span><\/strong><\/h4>\n<\/div>\n<\/div><\/div><\/div><div id=\"panel-9-1-0-1\" class=\"so-panel widget widget_sow-slider\" data-index=\"2\" ><div\n\t\t\t\n\t\t\tclass=\"so-widget-sow-slider so-widget-sow-slider-default-6d39609536fd-9\"\n\t\t\t\n\t\t>\t\t\t\t<div class=\"sow-slider-base\" style=\"display: none\" tabindex=\"0\">\n\t\t\t\t\t<ul\n\t\t\t\t\tclass=\"sow-slider-images\"\n\t\t\t\t\tdata-settings=\"{&quot;pagination&quot;:true,&quot;speed&quot;:800,&quot;timeout&quot;:8000,&quot;paused&quot;:false,&quot;pause_on_hover&quot;:false,&quot;swipe&quot;:true,&quot;nav_always_show_desktop&quot;:&quot;&quot;,&quot;nav_always_show_mobile&quot;:&quot;&quot;,&quot;breakpoint&quot;:&quot;780px&quot;,&quot;unmute&quot;:false,&quot;anchor&quot;:null}\"\n\t\t\t\t\t\t\t\t\t\tdata-anchor-id=\"\"\n\t\t\t\t>\t\t<li class=\"sow-slider-image\" style=\"visibility: visible;;cursor: pointer;\" data-url=\"{&quot;url&quot;:&quot;https:\\\/\\\/www.declikeco.re\\\/index.php\\\/accueil\\\/6019-2\\\/&quot;,&quot;new_window&quot;:false}\" >\n\t\t\t\t\t\t<div class=\"sow-slider-image-container\">\n\t\t\t\t<div class=\"sow-slider-image-wrapper\" style=\"max-width: 1341px\">\n\t\t\t\t\t\t\t\t\t\t\t<a href=\"https:\/\/www.declikeco.re\/index.php\/accueil\/6019-2\/\"\n\t\t\t\t\t\t>\n\t\t\t\t\t\t\t\t\t\t<div class=\"sow-slider-image-foreground-wrapper\">\n\t\t\t\t\t\t<img loading=\"lazy\" decoding=\"async\" width=\"1341\" height=\"374\" src=\"https:\/\/www.declikeco.re\/wp-content\/uploads\/2020\/08\/entrepriseaccueilv2.png\" class=\"sow-slider-foreground-image\" alt=\"\" style=\"\" srcset=\"https:\/\/www.declikeco.re\/wp-content\/uploads\/2020\/08\/entrepriseaccueilv2.png 1341w, https:\/\/www.declikeco.re\/wp-content\/uploads\/2020\/08\/entrepriseaccueilv2-300x84.png 300w, https:\/\/www.declikeco.re\/wp-content\/uploads\/2020\/08\/entrepriseaccueilv2-1024x286.png 1024w, https:\/\/www.declikeco.re\/wp-content\/uploads\/2020\/08\/entrepriseaccueilv2-768x214.png 768w, https:\/\/www.declikeco.re\/wp-content\/uploads\/2020\/08\/entrepriseaccueilv2-520x145.png 520w, https:\/\/www.declikeco.re\/wp-content\/uploads\/2020\/08\/entrepriseaccueilv2-740x206.png 740w\" sizes=\"auto, (max-width: 1341px) 100vw, 1341px\" \/>\t\t\t\t\t<\/div>\n\t\t\t\t\t\t\t\t\t\t\t<\/a>\n\t\t\t\t\t\t\t\t\t<\/div>\n\t\t\t<\/div>\n\t\t\t\t\t<\/li>\n\t\t\t\t<li class=\"sow-slider-image\" style=\"visibility: hidden;;cursor: pointer;\" data-url=\"{&quot;url&quot;:&quot;https:\\\/\\\/www.declikeco.re\\\/index.php\\\/accueil\\\/6019-2\\\/&quot;,&quot;new_window&quot;:false}\" >\n\t\t\t\t\t\t<div class=\"sow-slider-image-container\">\n\t\t\t\t<div class=\"sow-slider-image-wrapper\" style=\"max-width: 1284px\">\n\t\t\t\t\t\t\t\t\t\t\t<a href=\"https:\/\/www.declikeco.re\/index.php\/accueil\/6019-2\/\"\n\t\t\t\t\t\t>\n\t\t\t\t\t\t\t\t\t\t<div class=\"sow-slider-image-foreground-wrapper\">\n\t\t\t\t\t\t<img loading=\"lazy\" decoding=\"async\" width=\"1284\" height=\"360\" src=\"https:\/\/www.declikeco.re\/wp-content\/uploads\/2020\/08\/populaitonaccueilv2.png\" class=\"sow-slider-foreground-image\" alt=\"\" style=\"\" srcset=\"https:\/\/www.declikeco.re\/wp-content\/uploads\/2020\/08\/populaitonaccueilv2.png 1284w, https:\/\/www.declikeco.re\/wp-content\/uploads\/2020\/08\/populaitonaccueilv2-300x84.png 300w, https:\/\/www.declikeco.re\/wp-content\/uploads\/2020\/08\/populaitonaccueilv2-1024x287.png 1024w, https:\/\/www.declikeco.re\/wp-content\/uploads\/2020\/08\/populaitonaccueilv2-768x215.png 768w, https:\/\/www.declikeco.re\/wp-content\/uploads\/2020\/08\/populaitonaccueilv2-520x146.png 520w, https:\/\/www.declikeco.re\/wp-content\/uploads\/2020\/08\/populaitonaccueilv2-740x207.png 740w\" sizes=\"auto, (max-width: 1284px) 100vw, 1284px\" \/>\t\t\t\t\t<\/div>\n\t\t\t\t\t\t\t\t\t\t\t<\/a>\n\t\t\t\t\t\t\t\t\t<\/div>\n\t\t\t<\/div>\n\t\t\t\t\t<\/li>\n\t\t\t\t<li class=\"sow-slider-image\" style=\"visibility: hidden;;cursor: pointer;\" data-url=\"{&quot;url&quot;:&quot;https:\\\/\\\/www.declikeco.re\\\/index.php\\\/accueil\\\/6019-2\\\/&quot;,&quot;new_window&quot;:false}\" >\n\t\t\t\t\t\t<div class=\"sow-slider-image-container\">\n\t\t\t\t<div class=\"sow-slider-image-wrapper\" style=\"max-width: 1342px\">\n\t\t\t\t\t\t\t\t\t\t\t<a href=\"https:\/\/www.declikeco.re\/index.php\/accueil\/6019-2\/\"\n\t\t\t\t\t\t>\n\t\t\t\t\t\t\t\t\t\t<div class=\"sow-slider-image-foreground-wrapper\">\n\t\t\t\t\t\t<img loading=\"lazy\" decoding=\"async\" width=\"1342\" height=\"375\" src=\"https:\/\/www.declikeco.re\/wp-content\/uploads\/2020\/08\/emploiaccueilv2.png\" class=\"sow-slider-foreground-image\" alt=\"\" style=\"\" srcset=\"https:\/\/www.declikeco.re\/wp-content\/uploads\/2020\/08\/emploiaccueilv2.png 1342w, https:\/\/www.declikeco.re\/wp-content\/uploads\/2020\/08\/emploiaccueilv2-300x84.png 300w, https:\/\/www.declikeco.re\/wp-content\/uploads\/2020\/08\/emploiaccueilv2-1024x286.png 1024w, https:\/\/www.declikeco.re\/wp-content\/uploads\/2020\/08\/emploiaccueilv2-768x215.png 768w, https:\/\/www.declikeco.re\/wp-content\/uploads\/2020\/08\/emploiaccueilv2-520x145.png 520w, https:\/\/www.declikeco.re\/wp-content\/uploads\/2020\/08\/emploiaccueilv2-740x207.png 740w\" sizes=\"auto, (max-width: 1342px) 100vw, 1342px\" \/>\t\t\t\t\t<\/div>\n\t\t\t\t\t\t\t\t\t\t\t<\/a>\n\t\t\t\t\t\t\t\t\t<\/div>\n\t\t\t<\/div>\n\t\t\t\t\t<\/li>\n\t\t<\/ul>\t\t\t\t<ol class=\"sow-slider-pagination\">\n\t\t\t\t\t\t\t\t\t\t\t<li><a href=\"#\" data-goto=\"0\" aria-label=\"Display slide 1\"><\/a><\/li>\n\t\t\t\t\t\t\t\t\t\t\t<li><a href=\"#\" data-goto=\"1\" aria-label=\"Display slide 2\"><\/a><\/li>\n\t\t\t\t\t\t\t\t\t\t\t<li><a href=\"#\" data-goto=\"2\" aria-label=\"Display slide 3\"><\/a><\/li>\n\t\t\t\t\t\t\t\t\t<\/ol>\n\n\t\t\t\t<div class=\"sow-slide-nav sow-slide-nav-next\">\n\t\t\t\t\t<a href=\"#\" data-goto=\"next\" aria-label=\"Next slide\" data-action=\"next\">\n\t\t\t\t\t\t<em class=\"sow-sld-icon-thin-right\"><\/em>\n\t\t\t\t\t<\/a>\n\t\t\t\t<\/div>\n\n\t\t\t\t<div class=\"sow-slide-nav sow-slide-nav-prev\">\n\t\t\t\t\t<a href=\"#\" data-goto=\"previous\" aria-label=\"Previous slide\" data-action=\"prev\">\n\t\t\t\t\t\t<em class=\"sow-sld-icon-thin-left\"><\/em>\n\t\t\t\t\t<\/a>\n\t\t\t\t<\/div>\n\t\t\t\t<\/div><\/div><\/div><div id=\"panel-9-1-0-2\" class=\"so-panel widget widget_sow-editor panel-last-child\" data-index=\"3\" ><div class=\"panel-widget-style panel-widget-style-for-9-1-0-2\" ><div\n\t\t\t\n\t\t\tclass=\"so-widget-sow-editor so-widget-sow-editor-base\"\n\t\t\t\n\t\t>\n<div class=\"siteorigin-widget-tinymce textwidget\">\n\t<p><a href=\"\/index.php\/accueil\/baseco\/\"><strong><em> <span style=\"font-family: Fira Sans;\">Enrichir votre connaissance du territoire r\u00e9unionnais.<\/span><\/em><\/strong><\/a><\/p>\n<p>L'observatoire \u00e9conomique de la CCI \u00cele de La R\u00e9union met \u00e0 votre disposition les chiffres cl\u00e9s sur l'activit\u00e9 \u00e9conomique local, \u00e0 travers des tableaux de bords dynamiques permettant de balayer l'ensemble des activit\u00e9s \u00e9conomiques du territoire.<\/p>\n<\/div>\n<\/div><\/div><\/div><\/div><div id=\"pgc-9-1-1\"  class=\"panel-grid-cell\" ><div id=\"panel-9-1-1-0\" class=\"so-panel widget widget_sow-editor panel-first-child\" data-index=\"4\" ><div id=\"Noteco_image\" class=\"panel-widget-style panel-widget-style-for-9-1-1-0\" ><div\n\t\t\t\n\t\t\tclass=\"so-widget-sow-editor so-widget-sow-editor-base\"\n\t\t\t\n\t\t>\n<div class=\"siteorigin-widget-tinymce textwidget\">\n\t<h1 style=\"text-align: center;\"><a href=\"https:\/\/www.declikeco.re\/index.php\/accueil\/noteco\/\"><strong><span style=\"color: #373cf5;\"><u id=\"Noteco_image\"> NOTECO<\/u><\/span><\/strong><\/a><\/h1>\n<h4 style=\"text-align: center;\"><strong><span style=\"color: #373cf5;\">Etudes \u00e9conomiques<\/span><\/strong><\/h4>\n<\/div>\n<\/div><\/div><\/div><div id=\"panel-9-1-1-1\" class=\"so-panel widget widget_sow-slider\" data-index=\"5\" ><div\n\t\t\t\n\t\t\tclass=\"so-widget-sow-slider so-widget-sow-slider-default-6d39609536fd-9\"\n\t\t\t\n\t\t>\t\t\t\t<div class=\"sow-slider-base\" style=\"display: none\" tabindex=\"0\">\n\t\t\t\t\t<ul\n\t\t\t\t\tclass=\"sow-slider-images\"\n\t\t\t\t\tdata-settings=\"{&quot;pagination&quot;:true,&quot;speed&quot;:800,&quot;timeout&quot;:8000,&quot;paused&quot;:false,&quot;pause_on_hover&quot;:false,&quot;swipe&quot;:true,&quot;nav_always_show_desktop&quot;:&quot;&quot;,&quot;nav_always_show_mobile&quot;:&quot;&quot;,&quot;breakpoint&quot;:&quot;780px&quot;,&quot;unmute&quot;:false,&quot;anchor&quot;:null}\"\n\t\t\t\t\t\t\t\t\t\tdata-anchor-id=\"\"\n\t\t\t\t>\t\t<li class=\"sow-slider-image\" style=\"visibility: visible;;cursor: pointer;\" data-url=\"{&quot;url&quot;:&quot;https:\\\/\\\/www.declikeco.re\\\/index.php\\\/portrait-de-territoire-2\\\/&quot;,&quot;new_window&quot;:false}\" >\n\t\t\t\t\t\t<div class=\"sow-slider-image-container\">\n\t\t\t\t<div class=\"sow-slider-image-wrapper\" style=\"max-width: 1337px\">\n\t\t\t\t\t\t\t\t\t\t\t<a href=\"https:\/\/www.declikeco.re\/index.php\/portrait-de-territoire-2\/\"\n\t\t\t\t\t\t>\n\t\t\t\t\t\t\t\t\t\t<div class=\"sow-slider-image-foreground-wrapper\">\n\t\t\t\t\t\t<img loading=\"lazy\" decoding=\"async\" width=\"1337\" height=\"376\" src=\"https:\/\/www.declikeco.re\/wp-content\/uploads\/2020\/08\/portraitdeterritoireaccueilv2.png\" class=\"sow-slider-foreground-image\" alt=\"\" style=\"\" srcset=\"https:\/\/www.declikeco.re\/wp-content\/uploads\/2020\/08\/portraitdeterritoireaccueilv2.png 1337w, https:\/\/www.declikeco.re\/wp-content\/uploads\/2020\/08\/portraitdeterritoireaccueilv2-300x84.png 300w, https:\/\/www.declikeco.re\/wp-content\/uploads\/2020\/08\/portraitdeterritoireaccueilv2-1024x288.png 1024w, https:\/\/www.declikeco.re\/wp-content\/uploads\/2020\/08\/portraitdeterritoireaccueilv2-768x216.png 768w, https:\/\/www.declikeco.re\/wp-content\/uploads\/2020\/08\/portraitdeterritoireaccueilv2-520x146.png 520w, https:\/\/www.declikeco.re\/wp-content\/uploads\/2020\/08\/portraitdeterritoireaccueilv2-740x208.png 740w\" sizes=\"auto, (max-width: 1337px) 100vw, 1337px\" \/>\t\t\t\t\t<\/div>\n\t\t\t\t\t\t\t\t\t\t\t<\/a>\n\t\t\t\t\t\t\t\t\t<\/div>\n\t\t\t<\/div>\n\t\t\t\t\t<\/li>\n\t\t\t\t<li class=\"sow-slider-image\" style=\"visibility: hidden;;cursor: pointer;\" data-url=\"{&quot;url&quot;:&quot;https:\\\/\\\/www.declikeco.re\\\/index.php\\\/2020\\\/06\\\/16\\\/nos-etudes\\\/&quot;,&quot;new_window&quot;:false}\" >\n\t\t\t\t\t\t<div class=\"sow-slider-image-container\">\n\t\t\t\t<div class=\"sow-slider-image-wrapper\" style=\"max-width: 1339px\">\n\t\t\t\t\t\t\t\t\t\t\t<a href=\"https:\/\/www.declikeco.re\/index.php\/2020\/06\/16\/nos-etudes\/\"\n\t\t\t\t\t\t>\n\t\t\t\t\t\t\t\t\t\t<div class=\"sow-slider-image-foreground-wrapper\">\n\t\t\t\t\t\t<img loading=\"lazy\" decoding=\"async\" width=\"1339\" height=\"374\" src=\"https:\/\/www.declikeco.re\/wp-content\/uploads\/2020\/08\/ecommerceaccueilv2.png\" class=\"sow-slider-foreground-image\" alt=\"\" style=\"\" srcset=\"https:\/\/www.declikeco.re\/wp-content\/uploads\/2020\/08\/ecommerceaccueilv2.png 1339w, https:\/\/www.declikeco.re\/wp-content\/uploads\/2020\/08\/ecommerceaccueilv2-300x84.png 300w, https:\/\/www.declikeco.re\/wp-content\/uploads\/2020\/08\/ecommerceaccueilv2-1024x286.png 1024w, https:\/\/www.declikeco.re\/wp-content\/uploads\/2020\/08\/ecommerceaccueilv2-768x215.png 768w, https:\/\/www.declikeco.re\/wp-content\/uploads\/2020\/08\/ecommerceaccueilv2-520x145.png 520w, https:\/\/www.declikeco.re\/wp-content\/uploads\/2020\/08\/ecommerceaccueilv2-740x207.png 740w\" sizes=\"auto, (max-width: 1339px) 100vw, 1339px\" \/>\t\t\t\t\t<\/div>\n\t\t\t\t\t\t\t\t\t\t\t<\/a>\n\t\t\t\t\t\t\t\t\t<\/div>\n\t\t\t<\/div>\n\t\t\t\t\t<\/li>\n\t\t\t\t<li class=\"sow-slider-image\" style=\"visibility: hidden;;cursor: pointer;\" data-url=\"{&quot;url&quot;:&quot;https:\\\/\\\/www.declikeco.re\\\/index.php\\\/2020\\\/06\\\/16\\\/dossiers-dactualite\\\/&quot;,&quot;new_window&quot;:false}\" >\n\t\t\t\t\t\t<div class=\"sow-slider-image-container\">\n\t\t\t\t<div class=\"sow-slider-image-wrapper\" style=\"max-width: 1221px\">\n\t\t\t\t\t\t\t\t\t\t\t<a href=\"https:\/\/www.declikeco.re\/index.php\/2020\/06\/16\/dossiers-dactualite\/\"\n\t\t\t\t\t\t>\n\t\t\t\t\t\t\t\t\t\t<div class=\"sow-slider-image-foreground-wrapper\">\n\t\t\t\t\t\t<img loading=\"lazy\" decoding=\"async\" width=\"1221\" height=\"342\" src=\"https:\/\/www.declikeco.re\/wp-content\/uploads\/2020\/08\/fichesectorielleaccueilv2.png\" class=\"sow-slider-foreground-image\" alt=\"\" style=\"\" srcset=\"https:\/\/www.declikeco.re\/wp-content\/uploads\/2020\/08\/fichesectorielleaccueilv2.png 1221w, https:\/\/www.declikeco.re\/wp-content\/uploads\/2020\/08\/fichesectorielleaccueilv2-300x84.png 300w, https:\/\/www.declikeco.re\/wp-content\/uploads\/2020\/08\/fichesectorielleaccueilv2-1024x287.png 1024w, https:\/\/www.declikeco.re\/wp-content\/uploads\/2020\/08\/fichesectorielleaccueilv2-768x215.png 768w, https:\/\/www.declikeco.re\/wp-content\/uploads\/2020\/08\/fichesectorielleaccueilv2-520x146.png 520w, https:\/\/www.declikeco.re\/wp-content\/uploads\/2020\/08\/fichesectorielleaccueilv2-740x207.png 740w\" sizes=\"auto, (max-width: 1221px) 100vw, 1221px\" \/>\t\t\t\t\t<\/div>\n\t\t\t\t\t\t\t\t\t\t\t<\/a>\n\t\t\t\t\t\t\t\t\t<\/div>\n\t\t\t<\/div>\n\t\t\t\t\t<\/li>\n\t\t<\/ul>\t\t\t\t<ol class=\"sow-slider-pagination\">\n\t\t\t\t\t\t\t\t\t\t\t<li><a href=\"#\" data-goto=\"0\" aria-label=\"Display slide 1\"><\/a><\/li>\n\t\t\t\t\t\t\t\t\t\t\t<li><a href=\"#\" data-goto=\"1\" aria-label=\"Display slide 2\"><\/a><\/li>\n\t\t\t\t\t\t\t\t\t\t\t<li><a href=\"#\" data-goto=\"2\" aria-label=\"Display slide 3\"><\/a><\/li>\n\t\t\t\t\t\t\t\t\t<\/ol>\n\n\t\t\t\t<div class=\"sow-slide-nav sow-slide-nav-next\">\n\t\t\t\t\t<a href=\"#\" data-goto=\"next\" aria-label=\"Next slide\" data-action=\"next\">\n\t\t\t\t\t\t<em class=\"sow-sld-icon-thin-right\"><\/em>\n\t\t\t\t\t<\/a>\n\t\t\t\t<\/div>\n\n\t\t\t\t<div class=\"sow-slide-nav sow-slide-nav-prev\">\n\t\t\t\t\t<a href=\"#\" data-goto=\"previous\" aria-label=\"Previous slide\" data-action=\"prev\">\n\t\t\t\t\t\t<em class=\"sow-sld-icon-thin-left\"><\/em>\n\t\t\t\t\t<\/a>\n\t\t\t\t<\/div>\n\t\t\t\t<\/div><\/div><\/div><div id=\"panel-9-1-1-2\" class=\"so-panel widget widget_sow-editor panel-last-child\" data-index=\"6\" ><div class=\"panel-widget-style panel-widget-style-for-9-1-1-2\" ><div\n\t\t\t\n\t\t\tclass=\"so-widget-sow-editor so-widget-sow-editor-base\"\n\t\t\t\n\t\t>\n<div class=\"siteorigin-widget-tinymce textwidget\">\n\t<p><a href=\"\/index.php\/noteco\/\"><strong><em>Consulter les \u00e9tudes \u00e9conomiques<\/em><\/strong><\/a><\/p>\n<p>Dans cette section vous aurez \u00e0 votre disposition les notes sectorielles ou territoriales publi\u00e9es par l'Observatoire \u00e9conomique de la CCI \u00cele de La R\u00e9union, ainsi que nos \u00e9tudes, et les publications \u00e9conomiques de nos partenaires.<\/p>\n<\/div>\n<\/div><\/div><\/div><\/div><\/div><div id=\"pg-9-2\"  class=\"panel-grid panel-no-style\" ><div id=\"pgc-9-2-0\"  class=\"panel-grid-cell panel-grid-cell-empty\" ><\/div><\/div><\/div>","protected":false},"excerpt":{"rendered":"<p>D\u00e9couvrir les chiffres-cl\u00e9s de l&rsquo;activit\u00e9 \u00e9conomique \u00e0 La R\u00e9union BASECO Tableaux de bord interactifs Enrichir votre connaissance du territoire r\u00e9unionnais. L&rsquo;observatoire \u00e9conomique de la CCI \u00cele de La R\u00e9union met \u00e0 votre disposition les chiffres\u2026<\/p>\n","protected":false},"author":1,"featured_media":0,"parent":0,"menu_order":0,"comment_status":"closed","ping_status":"closed","template":"","meta":{"pmpro_default_level":0,"_monsterinsights_skip_tracking":false,"_monsterinsights_sitenote_active":false,"_monsterinsights_sitenote_note":"","_monsterinsights_sitenote_category":0,"footnotes":""},"class_list":["post-9","page","type-page","status-publish","hentry","pmpro-has-access"],"_links":{"self":[{"href":"https:\/\/www.declikeco.re\/index.php\/wp-json\/wp\/v2\/pages\/9","targetHints":{"allow":["GET"]}}],"collection":[{"href":"https:\/\/www.declikeco.re\/index.php\/wp-json\/wp\/v2\/pages"}],"about":[{"href":"https:\/\/www.declikeco.re\/index.php\/wp-json\/wp\/v2\/types\/page"}],"author":[{"embeddable":true,"href":"https:\/\/www.declikeco.re\/index.php\/wp-json\/wp\/v2\/users\/1"}],"replies":[{"embeddable":true,"href":"https:\/\/www.declikeco.re\/index.php\/wp-json\/wp\/v2\/comments?post=9"}],"version-history":[{"count":339,"href":"https:\/\/www.declikeco.re\/index.php\/wp-json\/wp\/v2\/pages\/9\/revisions"}],"predecessor-version":[{"id":6900,"href":"https:\/\/www.declikeco.re\/index.php\/wp-json\/wp\/v2\/pages\/9\/revisions\/6900"}],"wp:attachment":[{"href":"https:\/\/www.declikeco.re\/index.php\/wp-json\/wp\/v2\/media?parent=9"}],"curies":[{"name":"wp","href":"https:\/\/api.w.org\/{rel}","templated":true}]}}